{"id":25,"date":"2022-03-15T19:23:21","date_gmt":"2022-03-15T19:23:21","guid":{"rendered":"https:\/\/respactivist.org\/de\/?page_id=25"},"modified":"2024-07-17T10:41:16","modified_gmt":"2024-07-17T08:41:16","slug":"spende","status":"publish","type":"page","link":"https:\/\/respactivist.org\/de\/spende\/","title":{"rendered":"Spende"},"content":{"rendered":"<p>Eure Spenden helfen die Stimmung, die von der respactivist Bewegung ausgehen soll, in die Breite unserer Gesellschaft zu tragen. Was an Spenden zusammenkommt und in welche Projekte dieses Geld flie\u00dft, werden wir regelm\u00e4\u00dfig in den sozialen Medien transparent machen. Ganz herzlichen Dank voarb f\u00fcr eure Unterst\u00fctzung! Ach, und nat\u00fcrlich gibt es mit der Spende auch eine Spendenquittung.<\/p>\n<script type=\"text\/javascript\">\n            (function() {\n                var u=\"https:\/\/spenden.twingle.de\/embed\/genericorganisation\/genericproject\/tw66927f5278f9d\/widget\";\n                var id = '_' + Math.random().toString(36).substr(2, 9);\n                var d=document, g=d.createElement('script'), s=d.getElementsByTagName('script')[0], t=d.createElement('div');\n                t.id = 'twingle-public-embed-' + id;\n                document.currentScript.after(t);\n                g.type='text\/javascript'; g.async=true; g.defer=true; g.src=u+'\/'+id; s.parentNode.insertBefore(g,s);\n            })();\n        <\/script>\n","protected":false},"excerpt":{"rendered":"<p>Eure Spenden helfen die Stimmung, die von der respactivist Bewegung ausgehen soll, in die Breite unserer Gesellschaft zu tragen. Was an Spenden zusammenkommt und in welche Projekte dieses Geld flie\u00dft, werden wir regelm\u00e4\u00dfig in den sozialen Medien transparent machen. Ganz&#8230;<\/p>\n","protected":false},"author":1,"featured_media":202,"parent":0,"menu_order":6,"comment_status":"closed","ping_status":"closed","template":"","meta":{"_acf_changed":false,"footnotes":""},"class_list":["post-25","page","type-page","status-publish","has-post-thumbnail","hentry"],"acf":[],"yoast_head":"<!-- This site is optimized with the Yoast SEO Premium plugin v24.4 (Yoast SEO v27.3) - https:\/\/yoast.com\/product\/yoast-seo-premium-wordpress\/ -->\n<title>Spende - respactivist<\/title>\n<meta name=\"robots\" content=\"index, follow, max-snippet:-1, max-image-preview:large, max-video-preview:-1\" \/>\n<link rel=\"canonical\" href=\"https:\/\/respactivist.org\/de\/spende\/\" \/>\n<meta property=\"og:locale\" content=\"de_DE\" \/>\n<meta property=\"og:type\" content=\"article\" \/>\n<meta property=\"og:title\" content=\"Spende\" \/>\n<meta property=\"og:description\" content=\"Eure Spenden helfen die Stimmung, die von der respactivist Bewegung ausgehen soll, in die Breite unserer Gesellschaft zu tragen. Was an Spenden zusammenkommt und in welche Projekte dieses Geld flie\u00dft, werden wir regelm\u00e4\u00dfig in den sozialen Medien transparent machen. Ganz...\" \/>\n<meta property=\"og:url\" content=\"https:\/\/respactivist.org\/de\/spende\/\" \/>\n<meta property=\"og:site_name\" content=\"respactivist\" \/>\n<meta property=\"article:modified_time\" content=\"2024-07-17T08:41:16+00:00\" \/>\n<meta property=\"og:image\" content=\"https:\/\/respactivist.org\/de\/wp-content\/uploads\/sites\/2\/2022\/03\/bg-page-contact.jpg\" \/>\n\t<meta property=\"og:image:width\" content=\"1920\" \/>\n\t<meta property=\"og:image:height\" content=\"2726\" \/>\n\t<meta property=\"og:image:type\" content=\"image\/jpeg\" \/>\n<meta name=\"twitter:card\" content=\"summary_large_image\" \/>\n<script type=\"application\/ld+json\" class=\"yoast-schema-graph\">{\"@context\":\"https:\\\/\\\/schema.org\",\"@graph\":[{\"@type\":\"WebPage\",\"@id\":\"https:\\\/\\\/respactivist.org\\\/de\\\/spende\\\/\",\"url\":\"https:\\\/\\\/respactivist.org\\\/de\\\/spende\\\/\",\"name\":\"Spende - respactivist\",\"isPartOf\":{\"@id\":\"https:\\\/\\\/respactivist.org\\\/de\\\/#website\"},\"primaryImageOfPage\":{\"@id\":\"https:\\\/\\\/respactivist.org\\\/de\\\/spende\\\/#primaryimage\"},\"image\":{\"@id\":\"https:\\\/\\\/respactivist.org\\\/de\\\/spende\\\/#primaryimage\"},\"thumbnailUrl\":\"https:\\\/\\\/respactivist.org\\\/de\\\/wp-content\\\/uploads\\\/sites\\\/2\\\/2022\\\/03\\\/bg-page-contact.jpg\",\"datePublished\":\"2022-03-15T19:23:21+00:00\",\"dateModified\":\"2024-07-17T08:41:16+00:00\",\"breadcrumb\":{\"@id\":\"https:\\\/\\\/respactivist.org\\\/de\\\/spende\\\/#breadcrumb\"},\"inLanguage\":\"de\",\"potentialAction\":[{\"@type\":\"ReadAction\",\"target\":[\"https:\\\/\\\/respactivist.org\\\/de\\\/spende\\\/\"]}]},{\"@type\":\"ImageObject\",\"inLanguage\":\"de\",\"@id\":\"https:\\\/\\\/respactivist.org\\\/de\\\/spende\\\/#primaryimage\",\"url\":\"https:\\\/\\\/respactivist.org\\\/de\\\/wp-content\\\/uploads\\\/sites\\\/2\\\/2022\\\/03\\\/bg-page-contact.jpg\",\"contentUrl\":\"https:\\\/\\\/respactivist.org\\\/de\\\/wp-content\\\/uploads\\\/sites\\\/2\\\/2022\\\/03\\\/bg-page-contact.jpg\",\"width\":1920,\"height\":2726},{\"@type\":\"BreadcrumbList\",\"@id\":\"https:\\\/\\\/respactivist.org\\\/de\\\/spende\\\/#breadcrumb\",\"itemListElement\":[{\"@type\":\"ListItem\",\"position\":1,\"name\":\"Home\",\"item\":\"https:\\\/\\\/respactivist.org\\\/de\\\/\"},{\"@type\":\"ListItem\",\"position\":2,\"name\":\"Spende\"}]},{\"@type\":\"WebSite\",\"@id\":\"https:\\\/\\\/respactivist.org\\\/de\\\/#website\",\"url\":\"https:\\\/\\\/respactivist.org\\\/de\\\/\",\"name\":\"Respactivist\",\"description\":\"Lasst uns im allt\u00e4glichen Umgang miteinander respektvoll sein.\",\"publisher\":{\"@id\":\"https:\\\/\\\/respactivist.org\\\/de\\\/#organization\"},\"potentialAction\":[{\"@type\":\"SearchAction\",\"target\":{\"@type\":\"EntryPoint\",\"urlTemplate\":\"https:\\\/\\\/respactivist.org\\\/de\\\/?s={search_term_string}\"},\"query-input\":{\"@type\":\"PropertyValueSpecification\",\"valueRequired\":true,\"valueName\":\"search_term_string\"}}],\"inLanguage\":\"de\"},{\"@type\":\"Organization\",\"@id\":\"https:\\\/\\\/respactivist.org\\\/de\\\/#organization\",\"name\":\"Respactivist\",\"url\":\"https:\\\/\\\/respactivist.org\\\/de\\\/\",\"logo\":{\"@type\":\"ImageObject\",\"inLanguage\":\"de\",\"@id\":\"https:\\\/\\\/respactivist.org\\\/de\\\/#\\\/schema\\\/logo\\\/image\\\/\",\"url\":\"https:\\\/\\\/respactivist.org\\\/de\\\/wp-content\\\/uploads\\\/sites\\\/2\\\/2022\\\/03\\\/logo.png\",\"contentUrl\":\"https:\\\/\\\/respactivist.org\\\/de\\\/wp-content\\\/uploads\\\/sites\\\/2\\\/2022\\\/03\\\/logo.png\",\"width\":340,\"height\":125,\"caption\":\"Respactivist\"},\"image\":{\"@id\":\"https:\\\/\\\/respactivist.org\\\/de\\\/#\\\/schema\\\/logo\\\/image\\\/\"},\"sameAs\":[\"https:\\\/\\\/www.instagram.com\\\/respactivist\\\/\"]}]}<\/script>\n<!-- \/ Yoast SEO Premium plugin. -->","yoast_head_json":{"title":"Spende - respactivist","robots":{"index":"index","follow":"follow","max-snippet":"max-snippet:-1","max-image-preview":"max-image-preview:large","max-video-preview":"max-video-preview:-1"},"canonical":"https:\/\/respactivist.org\/de\/spende\/","og_locale":"de_DE","og_type":"article","og_title":"Spende","og_description":"Eure Spenden helfen die Stimmung, die von der respactivist Bewegung ausgehen soll, in die Breite unserer Gesellschaft zu tragen. Was an Spenden zusammenkommt und in welche Projekte dieses Geld flie\u00dft, werden wir regelm\u00e4\u00dfig in den sozialen Medien transparent machen. Ganz...","og_url":"https:\/\/respactivist.org\/de\/spende\/","og_site_name":"respactivist","article_modified_time":"2024-07-17T08:41:16+00:00","og_image":[{"width":1920,"height":2726,"url":"https:\/\/respactivist.org\/de\/wp-content\/uploads\/sites\/2\/2022\/03\/bg-page-contact.jpg","type":"image\/jpeg"}],"twitter_card":"summary_large_image","schema":{"@context":"https:\/\/schema.org","@graph":[{"@type":"WebPage","@id":"https:\/\/respactivist.org\/de\/spende\/","url":"https:\/\/respactivist.org\/de\/spende\/","name":"Spende - respactivist","isPartOf":{"@id":"https:\/\/respactivist.org\/de\/#website"},"primaryImageOfPage":{"@id":"https:\/\/respactivist.org\/de\/spende\/#primaryimage"},"image":{"@id":"https:\/\/respactivist.org\/de\/spende\/#primaryimage"},"thumbnailUrl":"https:\/\/respactivist.org\/de\/wp-content\/uploads\/sites\/2\/2022\/03\/bg-page-contact.jpg","datePublished":"2022-03-15T19:23:21+00:00","dateModified":"2024-07-17T08:41:16+00:00","breadcrumb":{"@id":"https:\/\/respactivist.org\/de\/spende\/#breadcrumb"},"inLanguage":"de","potentialAction":[{"@type":"ReadAction","target":["https:\/\/respactivist.org\/de\/spende\/"]}]},{"@type":"ImageObject","inLanguage":"de","@id":"https:\/\/respactivist.org\/de\/spende\/#primaryimage","url":"https:\/\/respactivist.org\/de\/wp-content\/uploads\/sites\/2\/2022\/03\/bg-page-contact.jpg","contentUrl":"https:\/\/respactivist.org\/de\/wp-content\/uploads\/sites\/2\/2022\/03\/bg-page-contact.jpg","width":1920,"height":2726},{"@type":"BreadcrumbList","@id":"https:\/\/respactivist.org\/de\/spende\/#breadcrumb","itemListElement":[{"@type":"ListItem","position":1,"name":"Home","item":"https:\/\/respactivist.org\/de\/"},{"@type":"ListItem","position":2,"name":"Spende"}]},{"@type":"WebSite","@id":"https:\/\/respactivist.org\/de\/#website","url":"https:\/\/respactivist.org\/de\/","name":"Respactivist","description":"Lasst uns im allt\u00e4glichen Umgang miteinander respektvoll sein.","publisher":{"@id":"https:\/\/respactivist.org\/de\/#organization"},"potentialAction":[{"@type":"SearchAction","target":{"@type":"EntryPoint","urlTemplate":"https:\/\/respactivist.org\/de\/?s={search_term_string}"},"query-input":{"@type":"PropertyValueSpecification","valueRequired":true,"valueName":"search_term_string"}}],"inLanguage":"de"},{"@type":"Organization","@id":"https:\/\/respactivist.org\/de\/#organization","name":"Respactivist","url":"https:\/\/respactivist.org\/de\/","logo":{"@type":"ImageObject","inLanguage":"de","@id":"https:\/\/respactivist.org\/de\/#\/schema\/logo\/image\/","url":"https:\/\/respactivist.org\/de\/wp-content\/uploads\/sites\/2\/2022\/03\/logo.png","contentUrl":"https:\/\/respactivist.org\/de\/wp-content\/uploads\/sites\/2\/2022\/03\/logo.png","width":340,"height":125,"caption":"Respactivist"},"image":{"@id":"https:\/\/respactivist.org\/de\/#\/schema\/logo\/image\/"},"sameAs":["https:\/\/www.instagram.com\/respactivist\/"]}]}},"_links":{"self":[{"href":"https:\/\/respactivist.org\/de\/wp-json\/wp\/v2\/pages\/25","targetHints":{"allow":["GET"]}}],"collection":[{"href":"https:\/\/respactivist.org\/de\/wp-json\/wp\/v2\/pages"}],"about":[{"href":"https:\/\/respactivist.org\/de\/wp-json\/wp\/v2\/types\/page"}],"author":[{"embeddable":true,"href":"https:\/\/respactivist.org\/de\/wp-json\/wp\/v2\/users\/1"}],"replies":[{"embeddable":true,"href":"https:\/\/respactivist.org\/de\/wp-json\/wp\/v2\/comments?post=25"}],"version-history":[{"count":10,"href":"https:\/\/respactivist.org\/de\/wp-json\/wp\/v2\/pages\/25\/revisions"}],"predecessor-version":[{"id":571,"href":"https:\/\/respactivist.org\/de\/wp-json\/wp\/v2\/pages\/25\/revisions\/571"}],"wp:featuredmedia":[{"embeddable":true,"href":"https:\/\/respactivist.org\/de\/wp-json\/wp\/v2\/media\/202"}],"wp:attachment":[{"href":"https:\/\/respactivist.org\/de\/wp-json\/wp\/v2\/media?parent=25"}],"curies":[{"name":"wp","href":"https:\/\/api.w.org\/{rel}","templated":true}]}}